{"id":12,"date":"2023-07-17T08:03:49","date_gmt":"2023-07-17T08:03:49","guid":{"rendered":"https:\/\/web4.rkinformatika.net\/puntoyseguidolanas\/?page_id=12"},"modified":"2023-07-20T12:18:56","modified_gmt":"2023-07-20T12:18:56","slug":"servicios","status":"publish","type":"page","link":"https:\/\/puntoyseguidolanas.com\/eu\/servicios\/","title":{"rendered":"Zerbitzuak"},"content":{"rendered":"<div data-elementor-type=\"wp-page\" data-elementor-id=\"12\" class=\"elementor elementor-12\" data-elementor-post-type=\"page\">\n\t\t\t\t\t\t<section class=\"elementor-section elementor-top-section elementor-element elementor-element-354e7750 elementor-section-full_width elementor-section-height-default elementor-section-height-default\" data-id=\"354e7750\" data-element_type=\"section\" data-e-type=\"section\">\n\t\t\t\t\t\t<div class=\"elementor-container elementor-column-gap-default\">\n\t\t\t\t\t<div class=\"elementor-column elementor-col-100 elementor-top-column elementor-element elementor-element-5e4f8176\" data-id=\"5e4f8176\" data-element_type=\"column\" data-e-type=\"column\" data-settings=\"{&quot;background_background&quot;:&quot;classic&quot;}\">\n\t\t\t<div class=\"elementor-widget-wrap elementor-element-populated\">\n\t\t\t\t\t<div class=\"elementor-background-overlay\"><\/div>\n\t\t\t\t\t\t\t<\/div>\n\t\t<\/div>\n\t\t\t\t\t<\/div>\n\t\t<\/section>\n\t\t\t\t<section class=\"elementor-section elementor-top-section elementor-element elementor-element-6b78b6b1 elementor-section-boxed elementor-section-height-default elementor-section-height-default\" data-id=\"6b78b6b1\" data-element_type=\"section\" data-e-type=\"section\">\n\t\t\t\t\t\t<div class=\"elementor-container elementor-column-gap-default\">\n\t\t\t\t\t<div class=\"elementor-column elementor-col-100 elementor-top-column elementor-element elementor-element-110ba432\" data-id=\"110ba432\" data-element_type=\"column\" data-e-type=\"column\">\n\t\t\t<div class=\"elementor-widget-wrap elementor-element-populated\">\n\t\t\t\t\t\t<div class=\"elementor-element elementor-element-179bf3ae elementor-invisible elementor-widget elementor-widget-heading\" data-id=\"179bf3ae\" data-element_type=\"widget\" data-e-type=\"widget\" data-settings=\"{&quot;_animation&quot;:&quot;fadeInDown&quot;}\" data-widget_type=\"heading.default\">\n\t\t\t\t<div class=\"elementor-widget-container\">\n\t\t\t\t\t<h2 class=\"elementor-heading-title elementor-size-default\">Gure zerbitzuak<\/h2>\t\t\t\t<\/div>\n\t\t\t\t<\/div>\n\t\t\t\t<section class=\"elementor-section elementor-inner-section elementor-element elementor-element-3af0fa8a elementor-section-boxed elementor-section-height-default elementor-section-height-default\" data-id=\"3af0fa8a\" data-element_type=\"section\" data-e-type=\"section\">\n\t\t\t\t\t\t<div class=\"elementor-container elementor-column-gap-default\">\n\t\t\t\t\t<div class=\"elementor-column elementor-col-50 elementor-inner-column elementor-element elementor-element-3f1c9e4d animated-slow elementor-invisible\" data-id=\"3f1c9e4d\" data-element_type=\"column\" data-e-type=\"column\" data-settings=\"{&quot;animation&quot;:&quot;fadeInLeft&quot;}\">\n\t\t\t<div class=\"elementor-widget-wrap elementor-element-populated\">\n\t\t\t\t\t\t<div class=\"elementor-element elementor-element-1d0ea058 elementor-widget elementor-widget-image\" data-id=\"1d0ea058\" data-element_type=\"widget\" data-e-type=\"widget\" data-widget_type=\"image.default\">\n\t\t\t\t<div class=\"elementor-widget-container\">\n\t\t\t\t\t\t\t\t\t\t\t\t\t\t\t<img fetchpriority=\"high\" decoding=\"async\" width=\"800\" height=\"600\" src=\"https:\/\/puntoyseguidolanas.com\/wp-content\/uploads\/2023\/07\/WhatsApp-Image-2023-05-11-at-15.34.30-usoj-gonzalez-1024x768.jpeg\" class=\"attachment-large size-large wp-image-89\" alt=\"\" srcset=\"https:\/\/puntoyseguidolanas.com\/wp-content\/uploads\/2023\/07\/WhatsApp-Image-2023-05-11-at-15.34.30-usoj-gonzalez-1024x768.jpeg 1024w, https:\/\/puntoyseguidolanas.com\/wp-content\/uploads\/2023\/07\/WhatsApp-Image-2023-05-11-at-15.34.30-usoj-gonzalez-300x225.jpeg 300w, https:\/\/puntoyseguidolanas.com\/wp-content\/uploads\/2023\/07\/WhatsApp-Image-2023-05-11-at-15.34.30-usoj-gonzalez-768x576.jpeg 768w, https:\/\/puntoyseguidolanas.com\/wp-content\/uploads\/2023\/07\/WhatsApp-Image-2023-05-11-at-15.34.30-usoj-gonzalez-1536x1152.jpeg 1536w, https:\/\/puntoyseguidolanas.com\/wp-content\/uploads\/2023\/07\/WhatsApp-Image-2023-05-11-at-15.34.30-usoj-gonzalez.jpeg 2048w\" sizes=\"(max-width: 800px) 100vw, 800px\" \/>\t\t\t\t\t\t\t\t\t\t\t\t\t\t\t<\/div>\n\t\t\t\t<\/div>\n\t\t\t\t<div class=\"elementor-element elementor-element-7ee4d0a7 elementor-widget elementor-widget-heading\" data-id=\"7ee4d0a7\" data-element_type=\"widget\" data-e-type=\"widget\" data-widget_type=\"heading.default\">\n\t\t\t\t<div class=\"elementor-widget-container\">\n\t\t\t\t\t<h4 class=\"elementor-heading-title elementor-size-default\">Venta de Productos<\/h4>\t\t\t\t<\/div>\n\t\t\t\t<\/div>\n\t\t\t\t<div class=\"elementor-element elementor-element-72a7b58e elementor-widget elementor-widget-text-editor\" data-id=\"72a7b58e\" data-element_type=\"widget\" data-e-type=\"widget\" data-widget_type=\"text-editor.default\">\n\t\t\t\t<div class=\"elementor-widget-container\">\n\t\t\t\t\t\t\t\t\t<p>Nuestro negocio ofrece ropa y accesorios hechos a mano con materiales de alta calidad, como lana y algod\u00f3n. Nos enorgullece la calidad de nuestro trabajo y ofrecemos una amplia gama de productos \u00fanicos y con estilo para nuestros valiosos clientes. Desde bufandas de punto acogedoras hasta c\u00e1lidos mitones de lana, nuestras creaciones hechas a mano son perfectas para cualquier ocasi\u00f3n y seguramente impresionar\u00e1n.<\/p>\t\t\t\t\t\t\t\t<\/div>\n\t\t\t\t<\/div>\n\t\t\t\t\t<\/div>\n\t\t<\/div>\n\t\t\t\t<div class=\"elementor-column elementor-col-50 elementor-inner-column elementor-element elementor-element-3d543019 animated-slow elementor-invisible\" data-id=\"3d543019\" data-element_type=\"column\" data-e-type=\"column\" data-settings=\"{&quot;animation&quot;:&quot;fadeInRight&quot;}\">\n\t\t\t<div class=\"elementor-widget-wrap elementor-element-populated\">\n\t\t\t\t\t\t<div class=\"elementor-element elementor-element-4d16288e elementor-widget elementor-widget-image\" data-id=\"4d16288e\" data-element_type=\"widget\" data-e-type=\"widget\" data-widget_type=\"image.default\">\n\t\t\t\t<div class=\"elementor-widget-container\">\n\t\t\t\t\t\t\t\t\t\t\t\t\t\t\t<img decoding=\"async\" width=\"2000\" height=\"1333\" src=\"https:\/\/puntoyseguidolanas.com\/wp-content\/uploads\/2023\/07\/senior-elderly-female-hands-embroider-choose-cotton-craft-threads-handmade-cross-stitch-embroidery.jpg\" class=\"attachment-2048x2048 size-2048x2048 wp-image-264\" alt=\"Senior elderly female hands embroider choose cotton craft threads. Handmade cross stitch embroidery\" srcset=\"https:\/\/puntoyseguidolanas.com\/wp-content\/uploads\/2023\/07\/senior-elderly-female-hands-embroider-choose-cotton-craft-threads-handmade-cross-stitch-embroidery.jpg 2000w, https:\/\/puntoyseguidolanas.com\/wp-content\/uploads\/2023\/07\/senior-elderly-female-hands-embroider-choose-cotton-craft-threads-handmade-cross-stitch-embroidery-300x200.jpg 300w, https:\/\/puntoyseguidolanas.com\/wp-content\/uploads\/2023\/07\/senior-elderly-female-hands-embroider-choose-cotton-craft-threads-handmade-cross-stitch-embroidery-1024x682.jpg 1024w, https:\/\/puntoyseguidolanas.com\/wp-content\/uploads\/2023\/07\/senior-elderly-female-hands-embroider-choose-cotton-craft-threads-handmade-cross-stitch-embroidery-768x512.jpg 768w, https:\/\/puntoyseguidolanas.com\/wp-content\/uploads\/2023\/07\/senior-elderly-female-hands-embroider-choose-cotton-craft-threads-handmade-cross-stitch-embroidery-1536x1024.jpg 1536w\" sizes=\"(max-width: 2000px) 100vw, 2000px\" \/>\t\t\t\t\t\t\t\t\t\t\t\t\t\t\t<\/div>\n\t\t\t\t<\/div>\n\t\t\t\t<div class=\"elementor-element elementor-element-58e261f8 elementor-widget elementor-widget-heading\" data-id=\"58e261f8\" data-element_type=\"widget\" data-e-type=\"widget\" data-widget_type=\"heading.default\">\n\t\t\t\t<div class=\"elementor-widget-container\">\n\t\t\t\t\t<h4 class=\"elementor-heading-title elementor-size-default\">Curso de punto<\/h4>\t\t\t\t<\/div>\n\t\t\t\t<\/div>\n\t\t\t\t<div class=\"elementor-element elementor-element-54defb87 elementor-widget elementor-widget-text-editor\" data-id=\"54defb87\" data-element_type=\"widget\" data-e-type=\"widget\" data-widget_type=\"text-editor.default\">\n\t\t\t\t<div class=\"elementor-widget-container\">\n\t\t\t\t\t\t\t\t\t<p>Bienvenidos a nuestro servicio de cursos de punto de cruz. Ofrecemos una variedad de cursos para ayudarte a aprender y mejorar tus habilidades de punto de cruz. Ya sea que seas principiante o avanzado, tenemos un curso que puede satisfacer tus necesidades. Nuestras experimentadas instructoras te proporcionar\u00e1n orientaci\u00f3n paso a paso y atenci\u00f3n personalizada para asegurarse de que saques el m\u00e1ximo provecho de tu curso.\u00a0<\/p>\t\t\t\t\t\t\t\t<\/div>\n\t\t\t\t<\/div>\n\t\t\t\t\t<\/div>\n\t\t<\/div>\n\t\t\t\t\t<\/div>\n\t\t<\/section>\n\t\t\t\t<section class=\"elementor-section elementor-inner-section elementor-element elementor-element-3758423e elementor-section-boxed elementor-section-height-default elementor-section-height-default\" data-id=\"3758423e\" data-element_type=\"section\" data-e-type=\"section\">\n\t\t\t\t\t\t<div class=\"elementor-container elementor-column-gap-default\">\n\t\t\t\t\t<div class=\"elementor-column elementor-col-50 elementor-inner-column elementor-element elementor-element-1de3fae elementor-invisible\" data-id=\"1de3fae\" data-element_type=\"column\" data-e-type=\"column\" data-settings=\"{&quot;animation&quot;:&quot;fadeInLeft&quot;}\">\n\t\t\t<div class=\"elementor-widget-wrap elementor-element-populated\">\n\t\t\t\t\t\t<div class=\"elementor-element elementor-element-129909f8 elementor-widget elementor-widget-image\" data-id=\"129909f8\" data-element_type=\"widget\" data-e-type=\"widget\" data-widget_type=\"image.default\">\n\t\t\t\t<div class=\"elementor-widget-container\">\n\t\t\t\t\t\t\t\t\t\t\t\t\t\t\t<img decoding=\"async\" width=\"800\" height=\"534\" src=\"https:\/\/puntoyseguidolanas.com\/wp-content\/uploads\/2023\/07\/threading-a-needle-a-man-struggling-to-thread-string-through-a-needles-eye--1024x684.jpg\" class=\"attachment-large size-large wp-image-262\" alt=\"Threading a needle. A man struggling to thread string through a needles eye.\" srcset=\"https:\/\/puntoyseguidolanas.com\/wp-content\/uploads\/2023\/07\/threading-a-needle-a-man-struggling-to-thread-string-through-a-needles-eye--1024x684.jpg 1024w, https:\/\/puntoyseguidolanas.com\/wp-content\/uploads\/2023\/07\/threading-a-needle-a-man-struggling-to-thread-string-through-a-needles-eye--300x200.jpg 300w, https:\/\/puntoyseguidolanas.com\/wp-content\/uploads\/2023\/07\/threading-a-needle-a-man-struggling-to-thread-string-through-a-needles-eye--768x513.jpg 768w, https:\/\/puntoyseguidolanas.com\/wp-content\/uploads\/2023\/07\/threading-a-needle-a-man-struggling-to-thread-string-through-a-needles-eye--1536x1025.jpg 1536w, https:\/\/puntoyseguidolanas.com\/wp-content\/uploads\/2023\/07\/threading-a-needle-a-man-struggling-to-thread-string-through-a-needles-eye-.jpg 2000w\" sizes=\"(max-width: 800px) 100vw, 800px\" \/>\t\t\t\t\t\t\t\t\t\t\t\t\t\t\t<\/div>\n\t\t\t\t<\/div>\n\t\t\t\t<div class=\"elementor-element elementor-element-56b95471 elementor-widget elementor-widget-heading\" data-id=\"56b95471\" data-element_type=\"widget\" data-e-type=\"widget\" data-widget_type=\"heading.default\">\n\t\t\t\t<div class=\"elementor-widget-container\">\n\t\t\t\t\t<h4 class=\"elementor-heading-title elementor-size-default\">Curso de ganchillo<\/h4>\t\t\t\t<\/div>\n\t\t\t\t<\/div>\n\t\t\t\t<div class=\"elementor-element elementor-element-e0a01e3 elementor-widget elementor-widget-text-editor\" data-id=\"e0a01e3\" data-element_type=\"widget\" data-e-type=\"widget\" data-widget_type=\"text-editor.default\">\n\t\t\t\t<div class=\"elementor-widget-container\">\n\t\t\t\t\t\t\t\t\t<p>Ofrecemos un servicio profesional de cursos de ganchillo que te ayudar\u00e1 a dominar el arte del crochet. Nuestros instructores experimentados te guiar\u00e1n en cada paso del curso, asegur\u00e1ndose de que recibas la mejor formaci\u00f3n y apoyo. Aprender\u00e1s una variedad de t\u00e9cnicas, puntos y patrones que aumentar\u00e1n tu confianza y te ayudar\u00e1n a crear hermosas piezas de ganchillo. Ya seas principiante, intermedio o avanzado en crochet, nuestro curso est\u00e1 dise\u00f1ado para satisfacer tus necesidades de aprendizaje. Ofrecemos horarios flexibles y precios asequibles para adaptarse a tu comodidad.<\/p>\t\t\t\t\t\t\t\t<\/div>\n\t\t\t\t<\/div>\n\t\t\t\t\t<\/div>\n\t\t<\/div>\n\t\t\t\t<div class=\"elementor-column elementor-col-50 elementor-inner-column elementor-element elementor-element-35c23b7 elementor-invisible\" data-id=\"35c23b7\" data-element_type=\"column\" data-e-type=\"column\" data-settings=\"{&quot;animation&quot;:&quot;fadeInRight&quot;}\">\n\t\t\t<div class=\"elementor-widget-wrap elementor-element-populated\">\n\t\t\t\t\t\t<div class=\"elementor-element elementor-element-6207e685 elementor-widget elementor-widget-image\" data-id=\"6207e685\" data-element_type=\"widget\" data-e-type=\"widget\" data-widget_type=\"image.default\">\n\t\t\t\t<div class=\"elementor-widget-container\">\n\t\t\t\t\t\t\t\t\t\t\t\t\t\t\t<img loading=\"lazy\" decoding=\"async\" width=\"800\" height=\"534\" src=\"https:\/\/puntoyseguidolanas.com\/wp-content\/uploads\/2023\/07\/macrame-master-class-1024x684.jpg\" class=\"attachment-large size-large wp-image-263\" alt=\"macrame master class\" srcset=\"https:\/\/puntoyseguidolanas.com\/wp-content\/uploads\/2023\/07\/macrame-master-class-1024x684.jpg 1024w, https:\/\/puntoyseguidolanas.com\/wp-content\/uploads\/2023\/07\/macrame-master-class-300x200.jpg 300w, https:\/\/puntoyseguidolanas.com\/wp-content\/uploads\/2023\/07\/macrame-master-class-768x513.jpg 768w, https:\/\/puntoyseguidolanas.com\/wp-content\/uploads\/2023\/07\/macrame-master-class-1536x1025.jpg 1536w, https:\/\/puntoyseguidolanas.com\/wp-content\/uploads\/2023\/07\/macrame-master-class.jpg 2000w\" sizes=\"(max-width: 800px) 100vw, 800px\" \/>\t\t\t\t\t\t\t\t\t\t\t\t\t\t\t<\/div>\n\t\t\t\t<\/div>\n\t\t\t\t<div class=\"elementor-element elementor-element-28922b81 elementor-widget elementor-widget-heading\" data-id=\"28922b81\" data-element_type=\"widget\" data-e-type=\"widget\" data-widget_type=\"heading.default\">\n\t\t\t\t<div class=\"elementor-widget-container\">\n\t\t\t\t\t<h4 class=\"elementor-heading-title elementor-size-default\">Curso de macrame<\/h4>\t\t\t\t<\/div>\n\t\t\t\t<\/div>\n\t\t\t\t<div class=\"elementor-element elementor-element-5626b59b elementor-widget elementor-widget-text-editor\" data-id=\"5626b59b\" data-element_type=\"widget\" data-e-type=\"widget\" data-widget_type=\"text-editor.default\">\n\t\t\t\t<div class=\"elementor-widget-container\">\n\t\t\t\t\t\t\t\t\t<p>Nuestros servicios ofrecen una variedad de cursos dise\u00f1ados para ense\u00f1ar el arte del macram\u00e9. Nuestros instructores calificados lo guiar\u00e1n paso a paso, proporcionando capacitaci\u00f3n pr\u00e1ctica y asegur\u00e1ndose de que aprenda las habilidades necesarias para crear hermosas obras de arte hechas a mano en macram\u00e9. Nos enorgullecemos de ofrecer cursos de calidad adecuados para principiantes y estudiantes experimentados. Nuestros cursos son altamente informativos, interactivos y brindan valor por su inversi\u00f3n. Estamos comprometidos a garantizar que tenga una experiencia de aprendizaje agradable con nosotros y lo invitamos a registrarse para nuestra pr\u00f3xima clase.\u00a0<\/p>\t\t\t\t\t\t\t\t<\/div>\n\t\t\t\t<\/div>\n\t\t\t\t\t<\/div>\n\t\t<\/div>\n\t\t\t\t\t<\/div>\n\t\t<\/section>\n\t\t\t\t\t<\/div>\n\t\t<\/div>\n\t\t\t\t\t<\/div>\n\t\t<\/section>\n\t\t\t\t<\/div>","protected":false},"excerpt":{"rendered":"<p>Nuestros servicios Venta de Productos Nuestro negocio ofrece ropa y accesorios hechos a mano con materiales de alta calidad, como lana y algod\u00f3n. Nos enorgullece la calidad de nuestro trabajo y ofrecemos una amplia gama de productos \u00fanicos y con estilo para nuestros valiosos clientes. Desde bufandas de punto acogedoras hasta c\u00e1lidos mitones de lana, [&hellip;]<\/p>\n","protected":false},"author":1,"featured_media":25,"parent":0,"menu_order":0,"comment_status":"closed","ping_status":"closed","template":"elementor_canvas","meta":{"footnotes":""},"class_list":["post-12","page","type-page","status-publish","has-post-thumbnail","hentry"],"yoast_head":"<!-- This site is optimized with the Yoast SEO plugin v27.3 - https:\/\/yoast.com\/product\/yoast-seo-wordpress\/ -->\n<title>Servicios - Punto y Seguido Lanas<\/title>\n<meta name=\"robots\" content=\"index, follow, max-snippet:-1, max-image-preview:large, max-video-preview:-1\" \/>\n<link rel=\"canonical\" href=\"https:\/\/puntoyseguidolanas.com\/eu\/servicios\/\" \/>\n<meta property=\"og:locale\" content=\"en_US\" \/>\n<meta property=\"og:type\" content=\"article\" \/>\n<meta property=\"og:title\" content=\"Servicios - Punto y Seguido Lanas\" \/>\n<meta property=\"og:description\" content=\"Nuestros servicios Venta de Productos Nuestro negocio ofrece ropa y accesorios hechos a mano con materiales de alta calidad, como lana y algod\u00f3n. Nos enorgullece la calidad de nuestro trabajo y ofrecemos una amplia gama de productos \u00fanicos y con estilo para nuestros valiosos clientes. Desde bufandas de punto acogedoras hasta c\u00e1lidos mitones de lana, [&hellip;]\" \/>\n<meta property=\"og:url\" content=\"https:\/\/puntoyseguidolanas.com\/eu\/servicios\/\" \/>\n<meta property=\"og:site_name\" content=\"Punto y Seguido Lanas\" \/>\n<meta property=\"article:modified_time\" content=\"2023-07-20T12:18:56+00:00\" \/>\n<meta property=\"og:image\" content=\"https:\/\/puntoyseguidolanas.com\/wp-content\/uploads\/2023\/07\/Logo_punto-y-seguido-1-usoj-gonzalez.png\" \/>\n\t<meta property=\"og:image:width\" content=\"3663\" \/>\n\t<meta property=\"og:image:height\" content=\"1580\" \/>\n\t<meta property=\"og:image:type\" content=\"image\/png\" \/>\n<meta name=\"twitter:card\" content=\"summary_large_image\" \/>\n<meta name=\"twitter:label1\" content=\"Est. reading time\" \/>\n\t<meta name=\"twitter:data1\" content=\"3 minutua\" \/>\n<script type=\"application\/ld+json\" class=\"yoast-schema-graph\">{\"@context\":\"https:\\\/\\\/schema.org\",\"@graph\":[{\"@type\":\"WebPage\",\"@id\":\"https:\\\/\\\/puntoyseguidolanas.com\\\/servicios\\\/\",\"url\":\"https:\\\/\\\/puntoyseguidolanas.com\\\/servicios\\\/\",\"name\":\"Servicios - Punto y Seguido Lanas\",\"isPartOf\":{\"@id\":\"https:\\\/\\\/puntoyseguidolanas.com\\\/#website\"},\"primaryImageOfPage\":{\"@id\":\"https:\\\/\\\/puntoyseguidolanas.com\\\/servicios\\\/#primaryimage\"},\"image\":{\"@id\":\"https:\\\/\\\/puntoyseguidolanas.com\\\/servicios\\\/#primaryimage\"},\"thumbnailUrl\":\"https:\\\/\\\/puntoyseguidolanas.com\\\/wp-content\\\/uploads\\\/2023\\\/07\\\/Logo_punto-y-seguido-1-usoj-gonzalez.png\",\"datePublished\":\"2023-07-17T08:03:49+00:00\",\"dateModified\":\"2023-07-20T12:18:56+00:00\",\"breadcrumb\":{\"@id\":\"https:\\\/\\\/puntoyseguidolanas.com\\\/servicios\\\/#breadcrumb\"},\"inLanguage\":\"eu\",\"potentialAction\":[{\"@type\":\"ReadAction\",\"target\":[\"https:\\\/\\\/puntoyseguidolanas.com\\\/servicios\\\/\"]}]},{\"@type\":\"ImageObject\",\"inLanguage\":\"eu\",\"@id\":\"https:\\\/\\\/puntoyseguidolanas.com\\\/servicios\\\/#primaryimage\",\"url\":\"https:\\\/\\\/puntoyseguidolanas.com\\\/wp-content\\\/uploads\\\/2023\\\/07\\\/Logo_punto-y-seguido-1-usoj-gonzalez.png\",\"contentUrl\":\"https:\\\/\\\/puntoyseguidolanas.com\\\/wp-content\\\/uploads\\\/2023\\\/07\\\/Logo_punto-y-seguido-1-usoj-gonzalez.png\",\"width\":3663,\"height\":1580},{\"@type\":\"BreadcrumbList\",\"@id\":\"https:\\\/\\\/puntoyseguidolanas.com\\\/servicios\\\/#breadcrumb\",\"itemListElement\":[{\"@type\":\"ListItem\",\"position\":1,\"name\":\"Home\",\"item\":\"https:\\\/\\\/puntoyseguidolanas.com\\\/\"},{\"@type\":\"ListItem\",\"position\":2,\"name\":\"Servicios\"}]},{\"@type\":\"WebSite\",\"@id\":\"https:\\\/\\\/puntoyseguidolanas.com\\\/#website\",\"url\":\"https:\\\/\\\/puntoyseguidolanas.com\\\/\",\"name\":\"Punto y Seguido Lanas\",\"description\":\"\",\"potentialAction\":[{\"@type\":\"SearchAction\",\"target\":{\"@type\":\"EntryPoint\",\"urlTemplate\":\"https:\\\/\\\/puntoyseguidolanas.com\\\/?s={search_term_string}\"},\"query-input\":{\"@type\":\"PropertyValueSpecification\",\"valueRequired\":true,\"valueName\":\"search_term_string\"}}],\"inLanguage\":\"eu\"}]}<\/script>\n<!-- \/ Yoast SEO plugin. -->","yoast_head_json":{"title":"Servicios - Punto y Seguido Lanas","robots":{"index":"index","follow":"follow","max-snippet":"max-snippet:-1","max-image-preview":"max-image-preview:large","max-video-preview":"max-video-preview:-1"},"canonical":"https:\/\/puntoyseguidolanas.com\/eu\/servicios\/","og_locale":"en_US","og_type":"article","og_title":"Servicios - Punto y Seguido Lanas","og_description":"Nuestros servicios Venta de Productos Nuestro negocio ofrece ropa y accesorios hechos a mano con materiales de alta calidad, como lana y algod\u00f3n. Nos enorgullece la calidad de nuestro trabajo y ofrecemos una amplia gama de productos \u00fanicos y con estilo para nuestros valiosos clientes. Desde bufandas de punto acogedoras hasta c\u00e1lidos mitones de lana, [&hellip;]","og_url":"https:\/\/puntoyseguidolanas.com\/eu\/servicios\/","og_site_name":"Punto y Seguido Lanas","article_modified_time":"2023-07-20T12:18:56+00:00","og_image":[{"width":3663,"height":1580,"url":"https:\/\/puntoyseguidolanas.com\/wp-content\/uploads\/2023\/07\/Logo_punto-y-seguido-1-usoj-gonzalez.png","type":"image\/png"}],"twitter_card":"summary_large_image","twitter_misc":{"Est. reading time":"3 minutua"},"schema":{"@context":"https:\/\/schema.org","@graph":[{"@type":"WebPage","@id":"https:\/\/puntoyseguidolanas.com\/servicios\/","url":"https:\/\/puntoyseguidolanas.com\/servicios\/","name":"Servicios - Punto y Seguido Lanas","isPartOf":{"@id":"https:\/\/puntoyseguidolanas.com\/#website"},"primaryImageOfPage":{"@id":"https:\/\/puntoyseguidolanas.com\/servicios\/#primaryimage"},"image":{"@id":"https:\/\/puntoyseguidolanas.com\/servicios\/#primaryimage"},"thumbnailUrl":"https:\/\/puntoyseguidolanas.com\/wp-content\/uploads\/2023\/07\/Logo_punto-y-seguido-1-usoj-gonzalez.png","datePublished":"2023-07-17T08:03:49+00:00","dateModified":"2023-07-20T12:18:56+00:00","breadcrumb":{"@id":"https:\/\/puntoyseguidolanas.com\/servicios\/#breadcrumb"},"inLanguage":"eu","potentialAction":[{"@type":"ReadAction","target":["https:\/\/puntoyseguidolanas.com\/servicios\/"]}]},{"@type":"ImageObject","inLanguage":"eu","@id":"https:\/\/puntoyseguidolanas.com\/servicios\/#primaryimage","url":"https:\/\/puntoyseguidolanas.com\/wp-content\/uploads\/2023\/07\/Logo_punto-y-seguido-1-usoj-gonzalez.png","contentUrl":"https:\/\/puntoyseguidolanas.com\/wp-content\/uploads\/2023\/07\/Logo_punto-y-seguido-1-usoj-gonzalez.png","width":3663,"height":1580},{"@type":"BreadcrumbList","@id":"https:\/\/puntoyseguidolanas.com\/servicios\/#breadcrumb","itemListElement":[{"@type":"ListItem","position":1,"name":"Home","item":"https:\/\/puntoyseguidolanas.com\/"},{"@type":"ListItem","position":2,"name":"Servicios"}]},{"@type":"WebSite","@id":"https:\/\/puntoyseguidolanas.com\/#website","url":"https:\/\/puntoyseguidolanas.com\/","name":"Punto y Seguido Lanas","description":"","potentialAction":[{"@type":"SearchAction","target":{"@type":"EntryPoint","urlTemplate":"https:\/\/puntoyseguidolanas.com\/?s={search_term_string}"},"query-input":{"@type":"PropertyValueSpecification","valueRequired":true,"valueName":"search_term_string"}}],"inLanguage":"eu"}]}},"_links":{"self":[{"href":"https:\/\/puntoyseguidolanas.com\/eu\/wp-json\/wp\/v2\/pages\/12","targetHints":{"allow":["GET"]}}],"collection":[{"href":"https:\/\/puntoyseguidolanas.com\/eu\/wp-json\/wp\/v2\/pages"}],"about":[{"href":"https:\/\/puntoyseguidolanas.com\/eu\/wp-json\/wp\/v2\/types\/page"}],"author":[{"embeddable":true,"href":"https:\/\/puntoyseguidolanas.com\/eu\/wp-json\/wp\/v2\/users\/1"}],"replies":[{"embeddable":true,"href":"https:\/\/puntoyseguidolanas.com\/eu\/wp-json\/wp\/v2\/comments?post=12"}],"version-history":[{"count":98,"href":"https:\/\/puntoyseguidolanas.com\/eu\/wp-json\/wp\/v2\/pages\/12\/revisions"}],"predecessor-version":[{"id":635,"href":"https:\/\/puntoyseguidolanas.com\/eu\/wp-json\/wp\/v2\/pages\/12\/revisions\/635"}],"wp:featuredmedia":[{"embeddable":true,"href":"https:\/\/puntoyseguidolanas.com\/eu\/wp-json\/wp\/v2\/media\/25"}],"wp:attachment":[{"href":"https:\/\/puntoyseguidolanas.com\/eu\/wp-json\/wp\/v2\/media?parent=12"}],"curies":[{"name":"wp","href":"https:\/\/api.w.org\/{rel}","templated":true}]}}